{"id":2006,"date":"2021-03-23T17:15:31","date_gmt":"2021-03-23T16:15:31","guid":{"rendered":"https:\/\/www.imantia.es\/?page_id=2006"},"modified":"2021-03-23T17:28:01","modified_gmt":"2021-03-23T16:28:01","slug":"garantie-de-qualite","status":"publish","type":"page","link":"https:\/\/www.imantia.es\/fr\/garantie-de-qualite\/","title":{"rendered":"Garantie de Qualit\u00e9"},"content":{"rendered":"<div class=\"wpb-content-wrapper\"><p>[vc_row][vc_column][dfd_heading subtitle=&#8221;Imantia d\u00e9veloppe toutes ses actions de formation en fonction des besoins de ses clients, en suivant un processus de qualit\u00e9 rigoureux garanti par la certification ISO 9001.&#8221; enable_delimiter=&#8221;&#8221; undefined=&#8221;&#8221; title_font_options=&#8221;tag:h1|line_height:80&#8243; subtitle_font_options=&#8221;tag:div|font_size:19|color:%23808080|line_height:32|letter_spacing:0&#8243;]Garantie de qualit\u00e9 Imantia[\/dfd_heading][dfd_spacer screen_wide_spacer_size=&#8221;80&#8243; screen_normal_resolution=&#8221;1024&#8243; screen_tablet_resolution=&#8221;800&#8243; screen_mobile_resolution=&#8221;480&#8243;][dfd_heading subtitle=&#8221;&#8221; enable_delimiter=&#8221;&#8221; undefined=&#8221;&#8221; title_font_options=&#8221;tag:h2|line_height:80&#8243; subtitle_font_options=&#8221;tag:div|font_size:19|color:%23808080|line_height:32|letter_spacing:0&#8243;]Les Piliers d\u2019Imantia[\/dfd_heading][dfd_spacer screen_wide_spacer_size=&#8221;80&#8243; screen_normal_resolution=&#8221;1024&#8243; screen_tablet_resolution=&#8221;800&#8243; screen_mobile_resolution=&#8221;480&#8243;][\/vc_column][\/vc_row][vc_row][vc_column width=&#8221;1\/3&#8243; css=&#8221;.vc_custom_1538643452311{border-radius: 5px !important;}&#8221; col_shadow=&#8221;box_shadow_enable:disable|shadow_horizontal:0|shadow_vertical:15|shadow_blur:50|shadow_spread:0|box_shadow_color:rgba(0%2C0%2C0%2C0.35)&#8221; col_shadow_hover=&#8221;box_shadow_enable:disable|shadow_horizontal:0|shadow_vertical:15|shadow_blur:50|shadow_spread:0|box_shadow_color:rgba(0%2C0%2C0%2C0.35)&#8221; el_class=&#8221;borde-secciones&#8221;][dfd_single_image image=&#8221;651&#8243;][dfd_spacer screen_wide_spacer_size=&#8221;20&#8243; screen_normal_resolution=&#8221;1024&#8243; screen_tablet_resolution=&#8221;800&#8243; screen_mobile_resolution=&#8221;480&#8243;][vc_column_text css=&#8221;.vc_custom_1616515866351{padding-right: 20px !important;padding-left: 20px !important;}&#8221;]<\/p>\n<h4>M\u00e9thodologie d&#8217;Imantia<\/h4>\n<h5>Une nouvelle fa\u00e7on de travailler<\/h5>\n<p>[\/vc_column_text][dfd_spacer screen_wide_spacer_size=&#8221;10&#8243; screen_normal_resolution=&#8221;1024&#8243; screen_tablet_resolution=&#8221;800&#8243; screen_mobile_resolution=&#8221;480&#8243;][vc_column_text css=&#8221;.vc_custom_1616515906249{padding-right: 20px !important;padding-left: 20px !important;}&#8221;]C&#8217;est un outil puissant pour d\u00e9velopper les intelligences multiples chez les personnes. Elle est transversale \u00e0 l&#8217;acquisition et au d\u00e9veloppement des comp\u00e9tences.<br \/>\nRenforce dans les organisations :<\/p>\n<ul>\n<li>Le leadership<\/li>\n<li>L\u2019innovation et la cr\u00e9ativit\u00e9<\/li>\n<li>L&#8217;intelligence \u00e9motionnelle organisationnelle<\/li>\n<\/ul>\n<p>[\/vc_column_text][dfd_spacer screen_wide_spacer_size=&#8221;10&#8243; screen_normal_resolution=&#8221;1024&#8243; screen_tablet_resolution=&#8221;800&#8243; screen_mobile_resolution=&#8221;480&#8243;][\/vc_column][vc_column width=&#8221;1\/3&#8243; el_class=&#8221;borde-secciones&#8221; col_shadow=&#8221;box_shadow_enable:disable|shadow_horizontal:0|shadow_vertical:15|shadow_blur:50|shadow_spread:0|box_shadow_color:rgba(0%2C0%2C0%2C0.35)&#8221; col_shadow_hover=&#8221;box_shadow_enable:disable|shadow_horizontal:0|shadow_vertical:15|shadow_blur:50|shadow_spread:0|box_shadow_color:rgba(0%2C0%2C0%2C0.35)&#8221;][dfd_single_image image_size=&#8221;custom&#8221; image_width=&#8221;400&#8243; image_height=&#8221;400&#8243; image=&#8221;653&#8243;][dfd_spacer screen_wide_spacer_size=&#8221;20&#8243; screen_normal_resolution=&#8221;1024&#8243; screen_tablet_resolution=&#8221;800&#8243; screen_mobile_resolution=&#8221;480&#8243;][vc_column_text css=&#8221;.vc_custom_1616515927096{padding-right: 20px !important;padding-left: 20px !important;}&#8221;]<\/p>\n<h4>Formaci\u00f3n presencial<\/h4>\n<h5>La th\u00e9orie est associ\u00e9e \u00e0 la pratique.<\/h5>\n<p>[\/vc_column_text][dfd_spacer screen_wide_spacer_size=&#8221;10&#8243; screen_normal_resolution=&#8221;1024&#8243; screen_tablet_resolution=&#8221;800&#8243; screen_mobile_resolution=&#8221;480&#8243;][vc_column_text css=&#8221;.vc_custom_1616515939960{padding-right: 20px !important;padding-left: 20px !important;}&#8221;]Nous facilitons l\u2019acquisition de connaissances d\u2019une mani\u00e8re pratique, participative et collaborative en utilisant plus de 20 m\u00e9thodes pr\u00e9sentielles diff\u00e9rentes[\/vc_column_text][dfd_spacer screen_wide_spacer_size=&#8221;10&#8243; screen_normal_resolution=&#8221;1024&#8243; screen_tablet_resolution=&#8221;800&#8243; screen_mobile_resolution=&#8221;480&#8243;][\/vc_column][vc_column width=&#8221;1\/3&#8243; el_class=&#8221;borde-secciones&#8221; col_shadow=&#8221;box_shadow_enable:disable|shadow_horizontal:0|shadow_vertical:15|shadow_blur:50|shadow_spread:0|box_shadow_color:rgba(0%2C0%2C0%2C0.35)&#8221; col_shadow_hover=&#8221;box_shadow_enable:disable|shadow_horizontal:0|shadow_vertical:15|shadow_blur:50|shadow_spread:0|box_shadow_color:rgba(0%2C0%2C0%2C0.35)&#8221;][dfd_single_image image_size=&#8221;custom&#8221; image_width=&#8221;400&#8243; image_height=&#8221;400&#8243; image=&#8221;655&#8243;][dfd_spacer screen_wide_spacer_size=&#8221;20&#8243; screen_normal_resolution=&#8221;1024&#8243; screen_tablet_resolution=&#8221;800&#8243; screen_mobile_resolution=&#8221;480&#8243;][vc_column_text css=&#8221;.vc_custom_1616515951744{padding-right: 20px !important;padding-left: 20px !important;}&#8221;]<\/p>\n<h4>Blended learning<\/h4>\n<h5>Tout est \u00e0 votre port\u00e9e<\/h5>\n<p>[\/vc_column_text][dfd_spacer screen_wide_spacer_size=&#8221;10&#8243; screen_normal_resolution=&#8221;1024&#8243; screen_tablet_resolution=&#8221;800&#8243; screen_mobile_resolution=&#8221;480&#8243;][vc_column_text css=&#8221;.vc_custom_1616515963705{padding-right: 20px !important;padding-left: 20px !important;}&#8221;]Nous faisons un usage \u00e9quilibr\u00e9 des diff\u00e9rentes m\u00e9thodologies pr\u00e9sentielles et virtuelles.[\/vc_column_text][dfd_spacer screen_wide_spacer_size=&#8221;10&#8243; screen_normal_resolution=&#8221;1024&#8243; screen_tablet_resolution=&#8221;800&#8243; screen_mobile_resolution=&#8221;480&#8243;][\/vc_column][\/vc_row][vc_row][vc_column][dfd_spacer screen_wide_spacer_size=&#8221;40&#8243; screen_normal_resolution=&#8221;1024&#8243; screen_tablet_resolution=&#8221;800&#8243; screen_mobile_resolution=&#8221;480&#8243;][\/vc_column][\/vc_row][vc_row][vc_column width=&#8221;1\/3&#8243; css=&#8221;.vc_custom_1538643091915{border-radius: 5px !important;}&#8221; col_shadow=&#8221;box_shadow_enable:disable|shadow_horizontal:0|shadow_vertical:15|shadow_blur:50|shadow_spread:0|box_shadow_color:rgba(0%2C0%2C0%2C0.35)&#8221; col_shadow_hover=&#8221;box_shadow_enable:disable|shadow_horizontal:0|shadow_vertical:15|shadow_blur:50|shadow_spread:0|box_shadow_color:rgba(0%2C0%2C0%2C0.35)&#8221; el_class=&#8221;borde-secciones&#8221;][dfd_single_image image=&#8221;657&#8243;][dfd_spacer screen_wide_spacer_size=&#8221;20&#8243; screen_normal_resolution=&#8221;1024&#8243; screen_tablet_resolution=&#8221;800&#8243; screen_mobile_resolution=&#8221;480&#8243;][vc_column_text css=&#8221;.vc_custom_1616515977392{padding-right: 20px !important;padding-left: 20px !important;}&#8221;]<\/p>\n<h4>Experiential Learning<\/h4>\n<h5>D\u00e9veloppez vos comp\u00e9tences<\/h5>\n<p>[\/vc_column_text][dfd_spacer screen_wide_spacer_size=&#8221;10&#8243; screen_normal_resolution=&#8221;1024&#8243; screen_tablet_resolution=&#8221;800&#8243; screen_mobile_resolution=&#8221;480&#8243;][vc_column_text css=&#8221;.vc_custom_1616515987288{padding-right: 20px !important;padding-left: 20px !important;}&#8221;]Destin\u00e9 au d\u00e9veloppement de certaines des intelligences multiples (corporelle-kinesth\u00e9sique, interpersonnelle, intrapersonnelle, naturaliste). Adapt\u00e9 pour les comp\u00e9tences de travail en \u00e9quipe, la r\u00e9solution des conflits, la gestion du changement&#8230;[\/vc_column_text][dfd_spacer screen_wide_spacer_size=&#8221;10&#8243; screen_normal_resolution=&#8221;1024&#8243; screen_tablet_resolution=&#8221;800&#8243; screen_mobile_resolution=&#8221;480&#8243;][\/vc_column][vc_column width=&#8221;1\/3&#8243; el_class=&#8221;borde-secciones&#8221; col_shadow=&#8221;box_shadow_enable:disable|shadow_horizontal:0|shadow_vertical:15|shadow_blur:50|shadow_spread:0|box_shadow_color:rgba(0%2C0%2C0%2C0.35)&#8221; col_shadow_hover=&#8221;box_shadow_enable:disable|shadow_horizontal:0|shadow_vertical:15|shadow_blur:50|shadow_spread:0|box_shadow_color:rgba(0%2C0%2C0%2C0.35)&#8221;][dfd_single_image image=&#8221;660&#8243;][dfd_spacer screen_wide_spacer_size=&#8221;20&#8243; screen_normal_resolution=&#8221;1024&#8243; screen_tablet_resolution=&#8221;800&#8243; screen_mobile_resolution=&#8221;480&#8243;][vc_column_text css=&#8221;.vc_custom_1616516020248{padding-right: 20px !important;padding-left: 20px !important;}&#8221;]<\/p>\n<h4>Coaching et supervision des coachs internes<\/h4>\n<h5>D\u00e9veloppez vos comp\u00e9tences<\/h5>\n<p>[\/vc_column_text][dfd_spacer screen_wide_spacer_size=&#8221;10&#8243; screen_normal_resolution=&#8221;1024&#8243; screen_tablet_resolution=&#8221;800&#8243; screen_mobile_resolution=&#8221;480&#8243;][vc_column_text css=&#8221;.vc_custom_1616516030857{padding-right: 20px !important;padding-left: 20px !important;}&#8221;]Nous r\u00e9alisons des programmes individualis\u00e9s pour le d\u00e9veloppement des comp\u00e9tences.<\/p>\n<p>Nous supervisons la pratique des coachs internes des organisations.<br \/>\n[\/vc_column_text][dfd_spacer screen_wide_spacer_size=&#8221;10&#8243; screen_normal_resolution=&#8221;1024&#8243; screen_tablet_resolution=&#8221;800&#8243; screen_mobile_resolution=&#8221;480&#8243;][\/vc_column][vc_column width=&#8221;1\/3&#8243; el_class=&#8221;borde-secciones&#8221; col_shadow=&#8221;box_shadow_enable:disable|shadow_horizontal:0|shadow_vertical:15|shadow_blur:50|shadow_spread:0|box_shadow_color:rgba(0%2C0%2C0%2C0.35)&#8221; col_shadow_hover=&#8221;box_shadow_enable:disable|shadow_horizontal:0|shadow_vertical:15|shadow_blur:50|shadow_spread:0|box_shadow_color:rgba(0%2C0%2C0%2C0.35)&#8221;][dfd_single_image image_size=&#8221;custom&#8221; image_width=&#8221;400&#8243; image_height=&#8221;400&#8243; image=&#8221;662&#8243;][dfd_spacer screen_wide_spacer_size=&#8221;20&#8243; screen_normal_resolution=&#8221;1024&#8243; screen_tablet_resolution=&#8221;800&#8243; screen_mobile_resolution=&#8221;480&#8243;][vc_column_text css=&#8221;.vc_custom_1616516050009{padding-right: 20px !important;padding-left: 20px !important;}&#8221;]<\/p>\n<h4>Formation sur le terrain<\/h4>\n<h5>Formation sur site<\/h5>\n<p>[\/vc_column_text][dfd_spacer screen_wide_spacer_size=&#8221;10&#8243; screen_normal_resolution=&#8221;1024&#8243; screen_tablet_resolution=&#8221;800&#8243; screen_mobile_resolution=&#8221;480&#8243;][vc_column_text css=&#8221;.vc_custom_1616516063328{padding-right: 20px !important;padding-left: 20px !important;}&#8221;]Actions int\u00e9gr\u00e9es de formation sur site visant \u00e0 l&#8217;acquisition individuelle de comp\u00e9tences avec la participation et la complicit\u00e9 maximales de toutes les personnes concern\u00e9es.[\/vc_column_text][dfd_spacer screen_wide_spacer_size=&#8221;10&#8243; screen_normal_resolution=&#8221;1024&#8243; screen_tablet_resolution=&#8221;800&#8243; screen_mobile_resolution=&#8221;480&#8243;][\/vc_column][\/vc_row][vc_row][vc_column][dfd_spacer screen_wide_spacer_size=&#8221;80&#8243; screen_normal_resolution=&#8221;1024&#8243; screen_tablet_resolution=&#8221;800&#8243; screen_mobile_resolution=&#8221;480&#8243;][dfd_call_to_action block_title=&#8221;Vous voulez en savoir plus ?&#8221; block_subtitle=&#8221;NOUS VOUS LE DIRONS&#8221; bt_dfd_icons=&#8221;dfd-socicon-telephone-handle-silhouette&#8221; button_text=&#8221;APPELEZ-NOUS&#8221; button_link=&#8221;url:tel%3A914460395|||&#8221; horizontal_padding=&#8221;35&#8243; vertical_padding=&#8221;35&#8243; main_border_radius=&#8221;6&#8243; bt_icon_size=&#8221;15&#8243; main_style=&#8221;style-1&#8243; undefined=&#8221;&#8221; show_bt_icon=&#8221;enable_bt_icon&#8221; title_font_options=&#8221;tag:div&#8221; subtitle_font_options=&#8221;tag:div|color:%23ffffff&#8221;][dfd_spacer screen_wide_spacer_size=&#8221;80&#8243; screen_normal_resolution=&#8221;1024&#8243; screen_tablet_resolution=&#8221;800&#8243; screen_mobile_resolution=&#8221;480&#8243;][\/vc_column][\/vc_row]<\/p>\n<\/div>","protected":false},"excerpt":{"rendered":"<p>[vc_row][vc_column][dfd_heading subtitle=&#8221;Imantia d\u00e9veloppe toutes ses actions de formation en fonction des besoins de ses clients, en suivant un processus de qualit\u00e9 rigoureux garanti par la certification ISO 9001.&#8221; enable_delimiter=&#8221;&#8221; undefined=&#8221;&#8221;<\/p>\n","protected":false},"author":1,"featured_media":0,"parent":0,"menu_order":0,"comment_status":"closed","ping_status":"closed","template":"","meta":{"footnotes":""},"class_list":["post-2006","page","type-page","status-publish","hentry"],"yoast_head":"<!-- This site is optimized with the Yoast SEO plugin v27.3 - https:\/\/yoast.com\/product\/yoast-seo-wordpress\/ -->\n<title>Garantie de qualit\u00e9 Imantia<\/title>\n<meta name=\"robots\" content=\"index, follow, max-snippet:-1, max-image-preview:large, max-video-preview:-1\" \/>\n<link rel=\"canonical\" href=\"https:\/\/www.imantia.es\/fr\/garantie-de-qualite\/\" \/>\n<meta property=\"og:locale\" content=\"fr_FR\" \/>\n<meta property=\"og:type\" content=\"article\" \/>\n<meta property=\"og:title\" content=\"Garantie de qualit\u00e9 Imantia\" \/>\n<meta property=\"og:description\" content=\"[vc_row][vc_column][dfd_heading subtitle=&#8221;Imantia d\u00e9veloppe toutes ses actions de formation en fonction des besoins de ses clients, en suivant un processus de qualit\u00e9 rigoureux garanti par la certification ISO 9001.&#8221; enable_delimiter=&#8221;&#8221; undefined=&#8221;&#8221;\" \/>\n<meta property=\"og:url\" content=\"https:\/\/www.imantia.es\/fr\/garantie-de-qualite\/\" \/>\n<meta property=\"og:site_name\" content=\"Imantia\" \/>\n<meta property=\"article:modified_time\" content=\"2021-03-23T16:28:01+00:00\" \/>\n<meta name=\"twitter:card\" content=\"summary_large_image\" \/>\n<meta name=\"twitter:label1\" content=\"Dur\u00e9e de lecture estim\u00e9e\" \/>\n\t<meta name=\"twitter:data1\" content=\"3 minutes\" \/>\n<script type=\"application\/ld+json\" class=\"yoast-schema-graph\">{\"@context\":\"https:\\\/\\\/schema.org\",\"@graph\":[{\"@type\":\"WebPage\",\"@id\":\"https:\\\/\\\/www.imantia.es\\\/fr\\\/garantie-de-qualite\\\/\",\"url\":\"https:\\\/\\\/www.imantia.es\\\/fr\\\/garantie-de-qualite\\\/\",\"name\":\"Garantie de qualit\u00e9 Imantia\",\"isPartOf\":{\"@id\":\"https:\\\/\\\/www.imantia.es\\\/fr\\\/#website\"},\"datePublished\":\"2021-03-23T16:15:31+00:00\",\"dateModified\":\"2021-03-23T16:28:01+00:00\",\"breadcrumb\":{\"@id\":\"https:\\\/\\\/www.imantia.es\\\/fr\\\/garantie-de-qualite\\\/#breadcrumb\"},\"inLanguage\":\"fr-FR\",\"potentialAction\":[{\"@type\":\"ReadAction\",\"target\":[\"https:\\\/\\\/www.imantia.es\\\/fr\\\/garantie-de-qualite\\\/\"]}]},{\"@type\":\"BreadcrumbList\",\"@id\":\"https:\\\/\\\/www.imantia.es\\\/fr\\\/garantie-de-qualite\\\/#breadcrumb\",\"itemListElement\":[{\"@type\":\"ListItem\",\"position\":1,\"name\":\"Portada\",\"item\":\"https:\\\/\\\/www.imantia.es\\\/fr\\\/\"},{\"@type\":\"ListItem\",\"position\":2,\"name\":\"Garantie de Qualit\u00e9\"}]},{\"@type\":\"WebSite\",\"@id\":\"https:\\\/\\\/www.imantia.es\\\/fr\\\/#website\",\"url\":\"https:\\\/\\\/www.imantia.es\\\/fr\\\/\",\"name\":\"Imantia\",\"description\":\"\",\"potentialAction\":[{\"@type\":\"SearchAction\",\"target\":{\"@type\":\"EntryPoint\",\"urlTemplate\":\"https:\\\/\\\/www.imantia.es\\\/fr\\\/?s={search_term_string}\"},\"query-input\":{\"@type\":\"PropertyValueSpecification\",\"valueRequired\":true,\"valueName\":\"search_term_string\"}}],\"inLanguage\":\"fr-FR\"}]}<\/script>\n<!-- \/ Yoast SEO plugin. -->","yoast_head_json":{"title":"Garantie de qualit\u00e9 Imantia","robots":{"index":"index","follow":"follow","max-snippet":"max-snippet:-1","max-image-preview":"max-image-preview:large","max-video-preview":"max-video-preview:-1"},"canonical":"https:\/\/www.imantia.es\/fr\/garantie-de-qualite\/","og_locale":"fr_FR","og_type":"article","og_title":"Garantie de qualit\u00e9 Imantia","og_description":"[vc_row][vc_column][dfd_heading subtitle=&#8221;Imantia d\u00e9veloppe toutes ses actions de formation en fonction des besoins de ses clients, en suivant un processus de qualit\u00e9 rigoureux garanti par la certification ISO 9001.&#8221; enable_delimiter=&#8221;&#8221; undefined=&#8221;&#8221;","og_url":"https:\/\/www.imantia.es\/fr\/garantie-de-qualite\/","og_site_name":"Imantia","article_modified_time":"2021-03-23T16:28:01+00:00","twitter_card":"summary_large_image","twitter_misc":{"Dur\u00e9e de lecture estim\u00e9e":"3 minutes"},"schema":{"@context":"https:\/\/schema.org","@graph":[{"@type":"WebPage","@id":"https:\/\/www.imantia.es\/fr\/garantie-de-qualite\/","url":"https:\/\/www.imantia.es\/fr\/garantie-de-qualite\/","name":"Garantie de qualit\u00e9 Imantia","isPartOf":{"@id":"https:\/\/www.imantia.es\/fr\/#website"},"datePublished":"2021-03-23T16:15:31+00:00","dateModified":"2021-03-23T16:28:01+00:00","breadcrumb":{"@id":"https:\/\/www.imantia.es\/fr\/garantie-de-qualite\/#breadcrumb"},"inLanguage":"fr-FR","potentialAction":[{"@type":"ReadAction","target":["https:\/\/www.imantia.es\/fr\/garantie-de-qualite\/"]}]},{"@type":"BreadcrumbList","@id":"https:\/\/www.imantia.es\/fr\/garantie-de-qualite\/#breadcrumb","itemListElement":[{"@type":"ListItem","position":1,"name":"Portada","item":"https:\/\/www.imantia.es\/fr\/"},{"@type":"ListItem","position":2,"name":"Garantie de Qualit\u00e9"}]},{"@type":"WebSite","@id":"https:\/\/www.imantia.es\/fr\/#website","url":"https:\/\/www.imantia.es\/fr\/","name":"Imantia","description":"","potentialAction":[{"@type":"SearchAction","target":{"@type":"EntryPoint","urlTemplate":"https:\/\/www.imantia.es\/fr\/?s={search_term_string}"},"query-input":{"@type":"PropertyValueSpecification","valueRequired":true,"valueName":"search_term_string"}}],"inLanguage":"fr-FR"}]}},"_links":{"self":[{"href":"https:\/\/www.imantia.es\/fr\/wp-json\/wp\/v2\/pages\/2006","targetHints":{"allow":["GET"]}}],"collection":[{"href":"https:\/\/www.imantia.es\/fr\/wp-json\/wp\/v2\/pages"}],"about":[{"href":"https:\/\/www.imantia.es\/fr\/wp-json\/wp\/v2\/types\/page"}],"author":[{"embeddable":true,"href":"https:\/\/www.imantia.es\/fr\/wp-json\/wp\/v2\/users\/1"}],"replies":[{"embeddable":true,"href":"https:\/\/www.imantia.es\/fr\/wp-json\/wp\/v2\/comments?post=2006"}],"version-history":[{"count":8,"href":"https:\/\/www.imantia.es\/fr\/wp-json\/wp\/v2\/pages\/2006\/revisions"}],"predecessor-version":[{"id":2015,"href":"https:\/\/www.imantia.es\/fr\/wp-json\/wp\/v2\/pages\/2006\/revisions\/2015"}],"wp:attachment":[{"href":"https:\/\/www.imantia.es\/fr\/wp-json\/wp\/v2\/media?parent=2006"}],"curies":[{"name":"wp","href":"https:\/\/api.w.org\/{rel}","templated":true}]}}